{"id":2305,"date":"2025-10-20T16:53:44","date_gmt":"2025-10-20T16:53:44","guid":{"rendered":"https:\/\/lingdalo.com\/?page_id=2305"},"modified":"2025-10-20T16:56:42","modified_gmt":"2025-10-20T16:56:42","slug":"privacy-policy","status":"publish","type":"page","link":"https:\/\/lingdalo.com\/en\/privacy-policy\/","title":{"rendered":"Privacy policy"},"content":{"rendered":"<div data-elementor-type=\"wp-page\" data-elementor-id=\"2305\" class=\"elementor elementor-2305\" data-elementor-post-type=\"page\">\n\t\t\t\t<div class=\"elementor-element elementor-element-f719e2f e-flex e-con-boxed e-con e-parent\" data-id=\"f719e2f\" data-element_type=\"container\" data-e-type=\"container\">\n\t\t\t\t\t<div class=\"e-con-inner\">\n\t\t\t\t<div class=\"elementor-element elementor-element-eb2d60c elementor-widget elementor-widget-breadcrumbs\" data-id=\"eb2d60c\" data-element_type=\"widget\" data-e-type=\"widget\" data-widget_type=\"breadcrumbs.default\">\n\t\t\t\t<div class=\"elementor-widget-container\">\n\t\t\t\t\t<p id=\"breadcrumbs\"><span><span><a href=\"https:\/\/lingdalo.com\/en\/\">Home<\/a><\/span><\/span><\/p>\t\t\t\t<\/div>\n\t\t\t\t<\/div>\n\t\t\t\t<div class=\"elementor-element elementor-element-4a0238a elementor-invisible elementor-widget elementor-widget-heading\" data-id=\"4a0238a\" data-element_type=\"widget\" data-e-type=\"widget\" data-settings=\"{&quot;_animation&quot;:&quot;fadeIn&quot;}\" data-widget_type=\"heading.default\">\n\t\t\t\t<div class=\"elementor-widget-container\">\n\t\t\t\t\t<h1 class=\"elementor-heading-title elementor-size-default\">Privacy policy<\/h1>\t\t\t\t<\/div>\n\t\t\t\t<\/div>\n\t\t\t\t<div class=\"elementor-element elementor-element-1fde8b7 elementor-widget elementor-widget-text-editor\" data-id=\"1fde8b7\" data-element_type=\"widget\" data-e-type=\"widget\" data-widget_type=\"text-editor.default\">\n\t\t\t\t<div class=\"elementor-widget-container\">\n\t\t\t\t\t\t\t\t\t<p>If the User has any questions about these Legal Conditions or would like to make any comments about this website, they can send an email to the following email address:\u00a0<span style=\"letter-spacing: 0px;\">marisol.translations@proton.me<\/span><span style=\"letter-spacing: 0px;\">.<\/span><\/p><p>In accordance with the provisions of the Personal Data Protection Regulations, we inform you that you are providing your personal data to the Data Controller: Mar\u00eda del Sol del Teso Craviotto (hereinafter THE ENTITY), with address at C\/ Natalio Rivas, 77, 1-B and email address marisol.translations@proton.me.<\/p><p><strong>1. Purpose of processing<\/strong><\/p><p>The data collected will only be that detailed in the contact form, as well as that which you yourself provide us with in the \u2018Comments\u2019 section.<\/p><p>The ENTITY may process your personal data for the following purposes:<\/p><ul><li>Manage your browsing through the Website.<\/li><li>Manage the Customer Service department to respond to any queries, complaints, comments or concerns you may have regarding the information included on the Website, as well as any other queries you may have.<\/li><li>Manage the fulfilment, maintenance, development, and control of any relationships that the ENTITY maintains with you.<\/li><\/ul><p>Failure to provide certain information marked as mandatory may mean that it is not possible to process your request via the contact form.<\/p><p>In the event that you provide us with Personal Data belonging to third parties, you are responsible for informing them and obtaining their consent for it to be provided for the purposes indicated in the corresponding sections of this Privacy and Cookies Policy.<\/p><p><strong>2. Legitimacy of the processing of your personal data<\/strong><\/p><p>The legitimacy is based on the consent you give us by clicking on the button \u2018I ACCEPT THE DATA PROTECTION POLICY\u2019.<\/p><p><strong>3. Recipients of transfers<\/strong><\/p><p>We will not disclose your data to third parties, except to comply with a legal obligation.<\/p><p><strong>4. Rights<\/strong><\/p><p>Finally, we would like to inform you of your rights regarding data protection.<\/p><ul><li>Right to request access to your personal data.<\/li><li>Right to request rectification or erasure (right to be forgotten).<\/li><li>Right to request the restriction of processing and to object to processing.<\/li><li>Right to data portability.<\/li><li>Right to withdraw consent.<\/li><\/ul><p>To exercise your rights, simply submit a written request accompanied by a copy of your ID card.<\/p><p><strong>5. Security measures<\/strong><\/p><p>The ENTITY has implemented the necessary technical and organisational measures to guarantee the security of your personal data and prevent its alteration, loss and unauthorised processing and\/or access, taking into account the state of technology, the nature of the data stored and the risks arising from human action or the physical and natural environment to which it is exposed.<\/p>\t\t\t\t\t\t\t\t<\/div>\n\t\t\t\t<\/div>\n\t\t\t\t\t<\/div>\n\t\t\t\t<\/div>\n\t\t\t\t<\/div>","protected":false},"excerpt":{"rendered":"<p>Pol\u00edtica de privacidad En caso de que el Usuario tenga cualquier duda acerca de estas Condiciones legales o quiera realizar cualquier comentario sobre este sitio Web, puede enviar un mensaje de correo electr\u00f3nico a la direcci\u00f3n de correo electr\u00f3nico\u00a0marisol.translations@proton.me. De acuerdo con lo establecido por la normativa de Protecci\u00f3n de Datos de Car\u00e1cter Personal, le [&hellip;]<\/p>\n","protected":false},"author":2,"featured_media":0,"parent":0,"menu_order":0,"comment_status":"closed","ping_status":"closed","template":"elementor_header_footer","meta":{"footnotes":""},"class_list":["post-2305","page","type-page","status-publish","hentry"],"yoast_head":"<!-- This site is optimized with the Yoast SEO plugin v27.3 - https:\/\/yoast.com\/product\/yoast-seo-wordpress\/ -->\n<title>Pol\u00edtica de privacidad - Lingdalo<\/title>\n<meta name=\"robots\" content=\"noindex, follow\" \/>\n<meta property=\"og:locale\" content=\"en_GB\" \/>\n<meta property=\"og:type\" content=\"article\" \/>\n<meta property=\"og:title\" content=\"Pol\u00edtica de privacidad - Lingdalo\" \/>\n<meta property=\"og:description\" content=\"Pol\u00edtica de privacidad En caso de que el Usuario tenga cualquier duda acerca de estas Condiciones legales o quiera realizar cualquier comentario sobre este sitio Web, puede enviar un mensaje de correo electr\u00f3nico a la direcci\u00f3n de correo electr\u00f3nico\u00a0marisol.translations@proton.me. De acuerdo con lo establecido por la normativa de Protecci\u00f3n de Datos de Car\u00e1cter Personal, le [&hellip;]\" \/>\n<meta property=\"og:url\" content=\"https:\/\/lingdalo.com\/en\/privacy-policy\/\" \/>\n<meta property=\"og:site_name\" content=\"Lingdalo\" \/>\n<meta property=\"article:modified_time\" content=\"2025-10-20T16:56:42+00:00\" \/>\n<meta name=\"twitter:card\" content=\"summary_large_image\" \/>\n<meta name=\"twitter:label1\" content=\"Estimated reading time\" \/>\n\t<meta name=\"twitter:data1\" content=\"3 minutes\" \/>\n<script type=\"application\/ld+json\" class=\"yoast-schema-graph\">{\"@context\":\"https:\\\/\\\/schema.org\",\"@graph\":[{\"@type\":\"WebPage\",\"@id\":\"https:\\\/\\\/lingdalo.com\\\/politica-de-privacidad\\\/\",\"url\":\"https:\\\/\\\/lingdalo.com\\\/politica-de-privacidad\\\/\",\"name\":\"Pol\u00edtica de privacidad - Lingdalo\",\"isPartOf\":{\"@id\":\"https:\\\/\\\/lingdalo.com\\\/#website\"},\"datePublished\":\"2025-10-20T16:53:44+00:00\",\"dateModified\":\"2025-10-20T16:56:42+00:00\",\"breadcrumb\":{\"@id\":\"https:\\\/\\\/lingdalo.com\\\/politica-de-privacidad\\\/#breadcrumb\"},\"inLanguage\":\"en-GB\",\"potentialAction\":[{\"@type\":\"ReadAction\",\"target\":[\"https:\\\/\\\/lingdalo.com\\\/politica-de-privacidad\\\/\"]}]},{\"@type\":\"BreadcrumbList\",\"@id\":\"https:\\\/\\\/lingdalo.com\\\/politica-de-privacidad\\\/#breadcrumb\",\"itemListElement\":[{\"@type\":\"ListItem\",\"position\":1,\"name\":\"Inicio\",\"item\":\"https:\\\/\\\/lingdalo.com\\\/\"},{\"@type\":\"ListItem\",\"position\":2,\"name\":\"Pol\u00edtica de privacidad\"}]},{\"@type\":\"WebSite\",\"@id\":\"https:\\\/\\\/lingdalo.com\\\/#website\",\"url\":\"https:\\\/\\\/lingdalo.com\\\/\",\"name\":\"Lingdalo\",\"description\":\"Academic translations English-Spanish\",\"publisher\":{\"@id\":\"https:\\\/\\\/lingdalo.com\\\/#organization\"},\"potentialAction\":[{\"@type\":\"SearchAction\",\"target\":{\"@type\":\"EntryPoint\",\"urlTemplate\":\"https:\\\/\\\/lingdalo.com\\\/?s={search_term_string}\"},\"query-input\":{\"@type\":\"PropertyValueSpecification\",\"valueRequired\":true,\"valueName\":\"search_term_string\"}}],\"inLanguage\":\"en-GB\"},{\"@type\":\"Organization\",\"@id\":\"https:\\\/\\\/lingdalo.com\\\/#organization\",\"name\":\"Lingdalo\",\"url\":\"https:\\\/\\\/lingdalo.com\\\/\",\"logo\":{\"@type\":\"ImageObject\",\"inLanguage\":\"en-GB\",\"@id\":\"https:\\\/\\\/lingdalo.com\\\/#\\\/schema\\\/logo\\\/image\\\/\",\"url\":\"https:\\\/\\\/lingdalo.com\\\/wp-content\\\/uploads\\\/2025\\\/10\\\/Lingdalo-logotipo-blanco.png\",\"contentUrl\":\"https:\\\/\\\/lingdalo.com\\\/wp-content\\\/uploads\\\/2025\\\/10\\\/Lingdalo-logotipo-blanco.png\",\"width\":1000,\"height\":272,\"caption\":\"Lingdalo\"},\"image\":{\"@id\":\"https:\\\/\\\/lingdalo.com\\\/#\\\/schema\\\/logo\\\/image\\\/\"}}]}<\/script>\n<!-- \/ Yoast SEO plugin. -->","yoast_head_json":{"title":"Privacy Policy - Lingdalo","robots":{"index":"noindex","follow":"follow"},"og_locale":"en_GB","og_type":"article","og_title":"Pol\u00edtica de privacidad - Lingdalo","og_description":"Pol\u00edtica de privacidad En caso de que el Usuario tenga cualquier duda acerca de estas Condiciones legales o quiera realizar cualquier comentario sobre este sitio Web, puede enviar un mensaje de correo electr\u00f3nico a la direcci\u00f3n de correo electr\u00f3nico\u00a0marisol.translations@proton.me. De acuerdo con lo establecido por la normativa de Protecci\u00f3n de Datos de Car\u00e1cter Personal, le [&hellip;]","og_url":"https:\/\/lingdalo.com\/en\/privacy-policy\/","og_site_name":"Lingdalo","article_modified_time":"2025-10-20T16:56:42+00:00","twitter_card":"summary_large_image","twitter_misc":{"Estimated reading time":"3 minutes"},"schema":{"@context":"https:\/\/schema.org","@graph":[{"@type":"WebPage","@id":"https:\/\/lingdalo.com\/politica-de-privacidad\/","url":"https:\/\/lingdalo.com\/politica-de-privacidad\/","name":"Privacy Policy - Lingdalo","isPartOf":{"@id":"https:\/\/lingdalo.com\/#website"},"datePublished":"2025-10-20T16:53:44+00:00","dateModified":"2025-10-20T16:56:42+00:00","breadcrumb":{"@id":"https:\/\/lingdalo.com\/politica-de-privacidad\/#breadcrumb"},"inLanguage":"en-GB","potentialAction":[{"@type":"ReadAction","target":["https:\/\/lingdalo.com\/politica-de-privacidad\/"]}]},{"@type":"BreadcrumbList","@id":"https:\/\/lingdalo.com\/politica-de-privacidad\/#breadcrumb","itemListElement":[{"@type":"ListItem","position":1,"name":"Inicio","item":"https:\/\/lingdalo.com\/"},{"@type":"ListItem","position":2,"name":"Pol\u00edtica de privacidad"}]},{"@type":"WebSite","@id":"https:\/\/lingdalo.com\/#website","url":"https:\/\/lingdalo.com\/","name":"Lingdalo","description":"Academic translations English-Spanish","publisher":{"@id":"https:\/\/lingdalo.com\/#organization"},"potentialAction":[{"@type":"SearchAction","target":{"@type":"EntryPoint","urlTemplate":"https:\/\/lingdalo.com\/?s={search_term_string}"},"query-input":{"@type":"PropertyValueSpecification","valueRequired":true,"valueName":"search_term_string"}}],"inLanguage":"en-GB"},{"@type":"Organization","@id":"https:\/\/lingdalo.com\/#organization","name":"Lingdalo","url":"https:\/\/lingdalo.com\/","logo":{"@type":"ImageObject","inLanguage":"en-GB","@id":"https:\/\/lingdalo.com\/#\/schema\/logo\/image\/","url":"https:\/\/lingdalo.com\/wp-content\/uploads\/2025\/10\/Lingdalo-logotipo-blanco.png","contentUrl":"https:\/\/lingdalo.com\/wp-content\/uploads\/2025\/10\/Lingdalo-logotipo-blanco.png","width":1000,"height":272,"caption":"Lingdalo"},"image":{"@id":"https:\/\/lingdalo.com\/#\/schema\/logo\/image\/"}}]}},"_links":{"self":[{"href":"https:\/\/lingdalo.com\/en\/wp-json\/wp\/v2\/pages\/2305","targetHints":{"allow":["GET"]}}],"collection":[{"href":"https:\/\/lingdalo.com\/en\/wp-json\/wp\/v2\/pages"}],"about":[{"href":"https:\/\/lingdalo.com\/en\/wp-json\/wp\/v2\/types\/page"}],"author":[{"embeddable":true,"href":"https:\/\/lingdalo.com\/en\/wp-json\/wp\/v2\/users\/2"}],"replies":[{"embeddable":true,"href":"https:\/\/lingdalo.com\/en\/wp-json\/wp\/v2\/comments?post=2305"}],"version-history":[{"count":7,"href":"https:\/\/lingdalo.com\/en\/wp-json\/wp\/v2\/pages\/2305\/revisions"}],"predecessor-version":[{"id":2314,"href":"https:\/\/lingdalo.com\/en\/wp-json\/wp\/v2\/pages\/2305\/revisions\/2314"}],"wp:attachment":[{"href":"https:\/\/lingdalo.com\/en\/wp-json\/wp\/v2\/media?parent=2305"}],"curies":[{"name":"wp","href":"https:\/\/api.w.org\/{rel}","templated":true}]}}