{"id":2290,"date":"2025-10-20T16:48:39","date_gmt":"2025-10-20T16:48:39","guid":{"rendered":"https:\/\/lingdalo.com\/?page_id=2290"},"modified":"2025-10-20T16:51:27","modified_gmt":"2025-10-20T16:51:27","slug":"cookie-policy","status":"publish","type":"page","link":"https:\/\/lingdalo.com\/en\/cookie-policy\/","title":{"rendered":"Cookie policy"},"content":{"rendered":"<div data-elementor-type=\"wp-page\" data-elementor-id=\"2290\" class=\"elementor elementor-2290\" data-elementor-post-type=\"page\">\n\t\t\t\t<div class=\"elementor-element elementor-element-b707d4a e-flex e-con-boxed e-con e-parent\" data-id=\"b707d4a\" data-element_type=\"container\" data-e-type=\"container\">\n\t\t\t\t\t<div class=\"e-con-inner\">\n\t\t\t\t<div class=\"elementor-element elementor-element-c133a1f elementor-widget elementor-widget-breadcrumbs\" data-id=\"c133a1f\" data-element_type=\"widget\" data-e-type=\"widget\" data-widget_type=\"breadcrumbs.default\">\n\t\t\t\t<div class=\"elementor-widget-container\">\n\t\t\t\t\t<p id=\"breadcrumbs\"><span><span><a href=\"https:\/\/lingdalo.com\/en\/\">Home<\/a><\/span><\/span><\/p>\t\t\t\t<\/div>\n\t\t\t\t<\/div>\n\t\t\t\t<div class=\"elementor-element elementor-element-aff4b7b elementor-invisible elementor-widget elementor-widget-heading\" data-id=\"aff4b7b\" data-element_type=\"widget\" data-e-type=\"widget\" data-settings=\"{&quot;_animation&quot;:&quot;fadeIn&quot;}\" data-widget_type=\"heading.default\">\n\t\t\t\t<div class=\"elementor-widget-container\">\n\t\t\t\t\t<h1 class=\"elementor-heading-title elementor-size-default\">Cookie policy<\/h1>\t\t\t\t<\/div>\n\t\t\t\t<\/div>\n\t\t\t\t<div class=\"elementor-element elementor-element-025df4d elementor-widget elementor-widget-text-editor\" data-id=\"025df4d\" data-element_type=\"widget\" data-e-type=\"widget\" data-widget_type=\"text-editor.default\">\n\t\t\t\t<div class=\"elementor-widget-container\">\n\t\t\t\t\t\t\t\t\t<p>A cookie is a file that is downloaded to your computer when you access certain websites. Cookies enable websites, among other things, to store and retrieve information about the browsing habits of a user or their computer and, depending on the information they contain and the way in which you use your computer, they can be used to recognise the user.<\/p><ul><li class=\"translation-block\"><strong>Technical cookies<\/strong>: These are cookies that enable the user to navigate through a website, platform, or application and use the various options or services available on it, such as controlling traffic and data communication, identifying the session, accessing restricted areas, remembering the items included in an order, carrying out the purchase process for an order, requesting registration or participation in an event, using security elements during browsing, storing content for the dissemination of videos or sound, or sharing content through social networks.<\/li><li class=\"translation-block\"><strong>Personalisation cookies<\/strong>: These allow the user to access the service with some general characteristics predefined according to a series of criteria in the user's terminal, such as language, the type of browser through which they access the service, the regional configuration from which they access the service, etc.<\/li><li class=\"translation-block\"><strong>Analytical cookies<\/strong>: These allow the person responsible for them to monitor and analyse the behaviour of users of the websites to which they are linked. The information collected through this type of cookie is used to measure the activity of the websites, application or platform and to create navigation profiles of the users of these sites, applications and platforms, in order to introduce improvements based on the analysis of the usage data made by the users of the service.<\/li><li class=\"translation-block\"><strong>Advertising cookies<\/strong>: These cookies enable the most effective management of the advertising spaces that, where applicable, the publisher has included on a website, application or platform from which it provides the requested service, based on criteria such as the content edited or the frequency with which the advertisements appear.<\/li><li class=\"translation-block\"><strong>Behavioural advertising cookies<\/strong>: These cookies store information on user behaviour obtained through continuous observation of their browsing habits, allowing a specific profile to be developed in order to display advertising based on that profile.<\/li><\/ul><p><strong>How to block or delete cookies installed on your computer<\/strong><br \/><br \/>If you prefer not to enable cookies, you can block or delete them in your browser:<\/p><ul><li class=\"translation-block\">How to manage cookies in <a href=\"http:\/\/support.google.com\/chrome\/bin\/answer.py?hl=es&amp;answer=95647\" target=\"_self\">Google Chrome<\/a><\/li><li class=\"translation-block\">How to manage cookies in <a href=\"http:\/\/windows.microsoft.com\/es-xl\/internet-explorer\/delete-manage-cookies#ie=ie-10\" target=\"_self\">Microsoft Internet Explorer<\/a><\/li><li class=\"translation-block\">How to manage cookies in <a href=\"http:\/\/support.mozilla.org\/es\/kb\/Habilitarydeshabilitarcookies?s=cookie&amp;r=1&amp;e=es&amp;as=s7\" target=\"_self\">Mozilla Firefox<\/a><\/li><li class=\"translation-block\">How to manage cookies in <a href=\"http:\/\/safari.helpmax.net\/es\/privacidad-y-seguridad\/como-gestionar-las-cookies\/\" target=\"_self\">Apple Safari<\/a><\/li><\/ul><p><strong>Cookies used on this website<\/strong><\/p><table><thead><tr><th><p><b>Cookie<\/b><\/p><\/th><th><p><b>Duration<\/b><\/p><\/th><th><p><b>Description<\/b><\/p><\/th><\/tr><\/thead><tbody><tr><td><p><span style=\"font-weight: 400;\">_ga<\/span><\/p><\/td><td><p><span style=\"font-weight: 400;\">2 years<\/span><\/p><\/td><td><p><span style=\"font-weight: 400;\">This cookie is installed by Google Analytics. The cookie is used to calculate visitor, session, and campaign data and track site usage for the site analysis report. Cookies store information anonymously and assign a random number to identify unique visitors.<\/span><\/p><\/td><\/tr><tr><td><p><span style=\"font-weight: 400;\">_gat<\/span><\/p><\/td><td><p><span style=\"font-weight: 400;\">1 minute<\/span><\/p><\/td><td><p><span style=\"font-weight: 400;\">Google Universal Analytics installs these cookies to speed up the request rate and limit data collection on high-traffic sites.<\/span><\/p><\/td><\/tr><tr><td><p><span style=\"font-weight: 400;\">_gid<\/span><\/p><\/td><td><p><span style=\"font-weight: 400;\">1 day<\/span><\/p><\/td><td><p><span style=\"font-weight: 400;\">This cookie is installed by Google Analytics. The cookie is used to store information about how visitors use a website and helps to create an analytical report on how the website is performing. The data collected, including the number of visitors, the source they come from, and the pages they visit, is displayed anonymously.<\/span><\/p><\/td><\/tr><tr><td><p><span style=\"font-weight: 400;\">cookielawinfo-checkbox-necessary<\/span><\/p><\/td><td><p><span style=\"font-weight: 400;\">11 months<\/span><\/p><\/td><td><p><span style=\"font-weight: 400;\">This cookie is set by the GDPR cookie consent plugin. Cookies are used to store the user's consent for cookies in the \u2018Necessary\u2019 category.<\/span><\/p><\/td><\/tr><tr><td><p><span style=\"font-weight: 400;\">cookielawinfo-checkbox-non-necessary<\/span><\/p><\/td><td><p><span style=\"font-weight: 400;\">11 months<\/span><\/p><\/td><td><p><span style=\"font-weight: 400;\">This cookie is set by the GDPR cookie consent plugin. Cookies are used to store the user's consent for cookies in the \u2018Not necessary\u2019 category.<\/span><\/p><\/td><\/tr><tr><td><p><span style=\"font-weight: 400;\">pll_language<\/span><\/p><\/td><td><p><span style=\"font-weight: 400;\">1 year<\/span><\/p><\/td><td><p><span style=\"font-weight: 400;\">This cookie is set by the Polylang plugin for WordPress-powered websites. The cookie stores the language code of the last page browsed.<\/span><\/p><\/td><\/tr><tr><td><p><span style=\"font-weight: 400;\">test_cookie<\/span><\/p><\/td><td><p><span style=\"font-weight: 400;\">11 months<\/span><\/p><\/td><td><p><span style=\"font-weight: 400;\">WordPress cookie test<\/span><\/p><\/td><\/tr><tr><td><p><span style=\"font-weight: 400;\">viewed_cookie_policy<\/span><\/p><\/td><td><p><span style=\"font-weight: 400;\">11 months<\/span><\/p><\/td><td><p><span style=\"font-weight: 400;\">The cookie is set by the GDPR cookie consent plugin and is used to store whether or not the user has given consent for the use of cookies. It does not store any personal data.<\/span><\/p><\/td><\/tr><\/tbody><\/table>\t\t\t\t\t\t\t\t<\/div>\n\t\t\t\t<\/div>\n\t\t\t\t\t<\/div>\n\t\t\t\t<\/div>\n\t\t\t\t<\/div>","protected":false},"excerpt":{"rendered":"<p>Pol\u00edtica de cookies Una cookie es un fichero que se descarga en tu ordenador al acceder a determinadas p\u00e1ginas web. Las cookies permiten a las p\u00e1ginas web, entre otras cosas, almacenar y recuperar informaci\u00f3n sobre los h\u00e1bitos de navegaci\u00f3n de un usuario o de su equipo y, dependiendo de la informaci\u00f3n que contengan y de [&hellip;]<\/p>\n","protected":false},"author":2,"featured_media":0,"parent":0,"menu_order":0,"comment_status":"closed","ping_status":"closed","template":"elementor_header_footer","meta":{"footnotes":""},"class_list":["post-2290","page","type-page","status-publish","hentry"],"yoast_head":"<!-- This site is optimized with the Yoast SEO plugin v27.3 - https:\/\/yoast.com\/product\/yoast-seo-wordpress\/ -->\n<title>Pol\u00edtica de cookies - Lingdalo<\/title>\n<meta name=\"robots\" content=\"noindex, follow\" \/>\n<meta property=\"og:locale\" content=\"en_GB\" \/>\n<meta property=\"og:type\" content=\"article\" \/>\n<meta property=\"og:title\" content=\"Pol\u00edtica de cookies - Lingdalo\" \/>\n<meta property=\"og:description\" content=\"Pol\u00edtica de cookies Una cookie es un fichero que se descarga en tu ordenador al acceder a determinadas p\u00e1ginas web. Las cookies permiten a las p\u00e1ginas web, entre otras cosas, almacenar y recuperar informaci\u00f3n sobre los h\u00e1bitos de navegaci\u00f3n de un usuario o de su equipo y, dependiendo de la informaci\u00f3n que contengan y de [&hellip;]\" \/>\n<meta property=\"og:url\" content=\"https:\/\/lingdalo.com\/en\/cookie-policy\/\" \/>\n<meta property=\"og:site_name\" content=\"Lingdalo\" \/>\n<meta property=\"article:modified_time\" content=\"2025-10-20T16:51:27+00:00\" \/>\n<meta name=\"twitter:card\" content=\"summary_large_image\" \/>\n<meta name=\"twitter:label1\" content=\"Estimated reading time\" \/>\n\t<meta name=\"twitter:data1\" content=\"4 minutes\" \/>\n<script type=\"application\/ld+json\" class=\"yoast-schema-graph\">{\"@context\":\"https:\\\/\\\/schema.org\",\"@graph\":[{\"@type\":\"WebPage\",\"@id\":\"https:\\\/\\\/lingdalo.com\\\/politica-de-cookies\\\/\",\"url\":\"https:\\\/\\\/lingdalo.com\\\/politica-de-cookies\\\/\",\"name\":\"Pol\u00edtica de cookies - Lingdalo\",\"isPartOf\":{\"@id\":\"https:\\\/\\\/lingdalo.com\\\/#website\"},\"datePublished\":\"2025-10-20T16:48:39+00:00\",\"dateModified\":\"2025-10-20T16:51:27+00:00\",\"breadcrumb\":{\"@id\":\"https:\\\/\\\/lingdalo.com\\\/politica-de-cookies\\\/#breadcrumb\"},\"inLanguage\":\"en-GB\",\"potentialAction\":[{\"@type\":\"ReadAction\",\"target\":[\"https:\\\/\\\/lingdalo.com\\\/politica-de-cookies\\\/\"]}]},{\"@type\":\"BreadcrumbList\",\"@id\":\"https:\\\/\\\/lingdalo.com\\\/politica-de-cookies\\\/#breadcrumb\",\"itemListElement\":[{\"@type\":\"ListItem\",\"position\":1,\"name\":\"Inicio\",\"item\":\"https:\\\/\\\/lingdalo.com\\\/\"},{\"@type\":\"ListItem\",\"position\":2,\"name\":\"Pol\u00edtica de cookies\"}]},{\"@type\":\"WebSite\",\"@id\":\"https:\\\/\\\/lingdalo.com\\\/#website\",\"url\":\"https:\\\/\\\/lingdalo.com\\\/\",\"name\":\"Lingdalo\",\"description\":\"Academic translations English-Spanish\",\"publisher\":{\"@id\":\"https:\\\/\\\/lingdalo.com\\\/#organization\"},\"potentialAction\":[{\"@type\":\"SearchAction\",\"target\":{\"@type\":\"EntryPoint\",\"urlTemplate\":\"https:\\\/\\\/lingdalo.com\\\/?s={search_term_string}\"},\"query-input\":{\"@type\":\"PropertyValueSpecification\",\"valueRequired\":true,\"valueName\":\"search_term_string\"}}],\"inLanguage\":\"en-GB\"},{\"@type\":\"Organization\",\"@id\":\"https:\\\/\\\/lingdalo.com\\\/#organization\",\"name\":\"Lingdalo\",\"url\":\"https:\\\/\\\/lingdalo.com\\\/\",\"logo\":{\"@type\":\"ImageObject\",\"inLanguage\":\"en-GB\",\"@id\":\"https:\\\/\\\/lingdalo.com\\\/#\\\/schema\\\/logo\\\/image\\\/\",\"url\":\"https:\\\/\\\/lingdalo.com\\\/wp-content\\\/uploads\\\/2025\\\/10\\\/Lingdalo-logotipo-blanco.png\",\"contentUrl\":\"https:\\\/\\\/lingdalo.com\\\/wp-content\\\/uploads\\\/2025\\\/10\\\/Lingdalo-logotipo-blanco.png\",\"width\":1000,\"height\":272,\"caption\":\"Lingdalo\"},\"image\":{\"@id\":\"https:\\\/\\\/lingdalo.com\\\/#\\\/schema\\\/logo\\\/image\\\/\"}}]}<\/script>\n<!-- \/ Yoast SEO plugin. -->","yoast_head_json":{"title":"Cookie policy - Lingdalo","robots":{"index":"noindex","follow":"follow"},"og_locale":"en_GB","og_type":"article","og_title":"Pol\u00edtica de cookies - Lingdalo","og_description":"Pol\u00edtica de cookies Una cookie es un fichero que se descarga en tu ordenador al acceder a determinadas p\u00e1ginas web. Las cookies permiten a las p\u00e1ginas web, entre otras cosas, almacenar y recuperar informaci\u00f3n sobre los h\u00e1bitos de navegaci\u00f3n de un usuario o de su equipo y, dependiendo de la informaci\u00f3n que contengan y de [&hellip;]","og_url":"https:\/\/lingdalo.com\/en\/cookie-policy\/","og_site_name":"Lingdalo","article_modified_time":"2025-10-20T16:51:27+00:00","twitter_card":"summary_large_image","twitter_misc":{"Estimated reading time":"4 minutes"},"schema":{"@context":"https:\/\/schema.org","@graph":[{"@type":"WebPage","@id":"https:\/\/lingdalo.com\/politica-de-cookies\/","url":"https:\/\/lingdalo.com\/politica-de-cookies\/","name":"Cookie policy - Lingdalo","isPartOf":{"@id":"https:\/\/lingdalo.com\/#website"},"datePublished":"2025-10-20T16:48:39+00:00","dateModified":"2025-10-20T16:51:27+00:00","breadcrumb":{"@id":"https:\/\/lingdalo.com\/politica-de-cookies\/#breadcrumb"},"inLanguage":"en-GB","potentialAction":[{"@type":"ReadAction","target":["https:\/\/lingdalo.com\/politica-de-cookies\/"]}]},{"@type":"BreadcrumbList","@id":"https:\/\/lingdalo.com\/politica-de-cookies\/#breadcrumb","itemListElement":[{"@type":"ListItem","position":1,"name":"Inicio","item":"https:\/\/lingdalo.com\/"},{"@type":"ListItem","position":2,"name":"Pol\u00edtica de cookies"}]},{"@type":"WebSite","@id":"https:\/\/lingdalo.com\/#website","url":"https:\/\/lingdalo.com\/","name":"Lingdalo","description":"Academic translations English-Spanish","publisher":{"@id":"https:\/\/lingdalo.com\/#organization"},"potentialAction":[{"@type":"SearchAction","target":{"@type":"EntryPoint","urlTemplate":"https:\/\/lingdalo.com\/?s={search_term_string}"},"query-input":{"@type":"PropertyValueSpecification","valueRequired":true,"valueName":"search_term_string"}}],"inLanguage":"en-GB"},{"@type":"Organization","@id":"https:\/\/lingdalo.com\/#organization","name":"Lingdalo","url":"https:\/\/lingdalo.com\/","logo":{"@type":"ImageObject","inLanguage":"en-GB","@id":"https:\/\/lingdalo.com\/#\/schema\/logo\/image\/","url":"https:\/\/lingdalo.com\/wp-content\/uploads\/2025\/10\/Lingdalo-logotipo-blanco.png","contentUrl":"https:\/\/lingdalo.com\/wp-content\/uploads\/2025\/10\/Lingdalo-logotipo-blanco.png","width":1000,"height":272,"caption":"Lingdalo"},"image":{"@id":"https:\/\/lingdalo.com\/#\/schema\/logo\/image\/"}}]}},"_links":{"self":[{"href":"https:\/\/lingdalo.com\/en\/wp-json\/wp\/v2\/pages\/2290","targetHints":{"allow":["GET"]}}],"collection":[{"href":"https:\/\/lingdalo.com\/en\/wp-json\/wp\/v2\/pages"}],"about":[{"href":"https:\/\/lingdalo.com\/en\/wp-json\/wp\/v2\/types\/page"}],"author":[{"embeddable":true,"href":"https:\/\/lingdalo.com\/en\/wp-json\/wp\/v2\/users\/2"}],"replies":[{"embeddable":true,"href":"https:\/\/lingdalo.com\/en\/wp-json\/wp\/v2\/comments?post=2290"}],"version-history":[{"count":7,"href":"https:\/\/lingdalo.com\/en\/wp-json\/wp\/v2\/pages\/2290\/revisions"}],"predecessor-version":[{"id":2302,"href":"https:\/\/lingdalo.com\/en\/wp-json\/wp\/v2\/pages\/2290\/revisions\/2302"}],"wp:attachment":[{"href":"https:\/\/lingdalo.com\/en\/wp-json\/wp\/v2\/media?parent=2290"}],"curies":[{"name":"wp","href":"https:\/\/api.w.org\/{rel}","templated":true}]}}