{"id":2200,"date":"2025-10-20T06:52:33","date_gmt":"2025-10-20T06:52:33","guid":{"rendered":"https:\/\/lingdalo.com\/?page_id=2200"},"modified":"2025-12-08T12:06:26","modified_gmt":"2025-12-08T12:06:26","slug":"accessibility-statement","status":"publish","type":"page","link":"https:\/\/lingdalo.com\/en\/accessibility-statement\/","title":{"rendered":"Accessibility statement"},"content":{"rendered":"<div data-elementor-type=\"wp-page\" data-elementor-id=\"2200\" class=\"elementor elementor-2200\" data-elementor-post-type=\"page\">\n\t\t\t\t<div class=\"elementor-element elementor-element-c579efe e-flex e-con-boxed e-con e-parent\" data-id=\"c579efe\" data-element_type=\"container\" data-e-type=\"container\">\n\t\t\t\t\t<div class=\"e-con-inner\">\n\t\t\t\t<div class=\"elementor-element elementor-element-ed8edd9 elementor-widget elementor-widget-breadcrumbs\" data-id=\"ed8edd9\" data-element_type=\"widget\" data-e-type=\"widget\" data-widget_type=\"breadcrumbs.default\">\n\t\t\t\t<div class=\"elementor-widget-container\">\n\t\t\t\t\t<p id=\"breadcrumbs\"><span><span><a href=\"https:\/\/lingdalo.com\/en\/\">Home<\/a><\/span><\/span><\/p>\t\t\t\t<\/div>\n\t\t\t\t<\/div>\n\t\t\t\t<div class=\"elementor-element elementor-element-5ee2609 elementor-invisible elementor-widget elementor-widget-heading\" data-id=\"5ee2609\" data-element_type=\"widget\" data-e-type=\"widget\" data-settings=\"{&quot;_animation&quot;:&quot;fadeIn&quot;}\" data-widget_type=\"heading.default\">\n\t\t\t\t<div class=\"elementor-widget-container\">\n\t\t\t\t\t<h1 class=\"elementor-heading-title elementor-size-default\">Accessibility statement<\/h1>\t\t\t\t<\/div>\n\t\t\t\t<\/div>\n\t\t\t\t<div class=\"elementor-element elementor-element-4d13b29 elementor-widget elementor-widget-text-editor\" data-id=\"4d13b29\" data-element_type=\"widget\" data-e-type=\"widget\" data-widget_type=\"text-editor.default\">\n\t\t\t\t<div class=\"elementor-widget-container\">\n\t\t\t\t\t\t\t\t\t<p>Our website, lingdalo.com, has been designed and developed with the aim of being accessible to all users, regardless of their abilities or disabilities. We have followed the accessibility rules and standards set out in the Web Content Accessibility Guidelines (WCAG) 2.1 to ensure that our site is easy to use for everyone.<\/p><p>To achieve this, we have used the WordPress content management system, as well as the Elementor and Wp Accessibility plugins. These plugins have allowed us to create an intuitive and easy-to-navigate user interface, and have also provided specific accessibility features, such as the ability to increase text size, change interface colours, and use keyboard navigation.<\/p><p>If you have any problems accessing the information on our site, or if you find any errors, please contact us via email at marisol.translations@proton.me. We will do our best to provide you with the information in the form that best suits your needs.<\/p><p>We are committed to continuously improving the accessibility of our site and welcome any comments or suggestions you may have.<\/p><p>Date of last revision: 20-10-2025<\/p>\t\t\t\t\t\t\t\t<\/div>\n\t\t\t\t<\/div>\n\t\t\t\t\t<\/div>\n\t\t\t\t<\/div>\n\t\t\t\t<\/div>","protected":false},"excerpt":{"rendered":"<p>Declaraci\u00f3n de accesibilidad Nuestro sitio web lingdalo.com, ha sido dise\u00f1ado y desarrollado con el objetivo de ser accesible para todos los usuarios, independientemente de sus habilidades o discapacidades. Hemos seguido las normas y est\u00e1ndares de accesibilidad establecidos por el Web Content Accessibility Guidelines (WCAG) 2.1 para garantizar que nuestro sitio sea f\u00e1cil de usar para [&hellip;]<\/p>\n","protected":false},"author":2,"featured_media":0,"parent":0,"menu_order":0,"comment_status":"closed","ping_status":"closed","template":"elementor_header_footer","meta":{"footnotes":""},"class_list":["post-2200","page","type-page","status-publish","hentry"],"yoast_head":"<!-- This site is optimized with the Yoast SEO plugin v27.3 - https:\/\/yoast.com\/product\/yoast-seo-wordpress\/ -->\n<title>Declaraci\u00f3n de accesibilidad - Lingdalo<\/title>\n<meta name=\"robots\" content=\"noindex, follow\" \/>\n<meta property=\"og:locale\" content=\"en_GB\" \/>\n<meta property=\"og:type\" content=\"article\" \/>\n<meta property=\"og:title\" content=\"Declaraci\u00f3n de accesibilidad - Lingdalo\" \/>\n<meta property=\"og:description\" content=\"Declaraci\u00f3n de accesibilidad Nuestro sitio web lingdalo.com, ha sido dise\u00f1ado y desarrollado con el objetivo de ser accesible para todos los usuarios, independientemente de sus habilidades o discapacidades. Hemos seguido las normas y est\u00e1ndares de accesibilidad establecidos por el Web Content Accessibility Guidelines (WCAG) 2.1 para garantizar que nuestro sitio sea f\u00e1cil de usar para [&hellip;]\" \/>\n<meta property=\"og:url\" content=\"https:\/\/lingdalo.com\/en\/accessibility-statement\/\" \/>\n<meta property=\"og:site_name\" content=\"Lingdalo\" \/>\n<meta property=\"article:modified_time\" content=\"2025-12-08T12:06:26+00:00\" \/>\n<meta name=\"twitter:card\" content=\"summary_large_image\" \/>\n<meta name=\"twitter:label1\" content=\"Estimated reading time\" \/>\n\t<meta name=\"twitter:data1\" content=\"1 minute\" \/>\n<script type=\"application\/ld+json\" class=\"yoast-schema-graph\">{\"@context\":\"https:\\\/\\\/schema.org\",\"@graph\":[{\"@type\":\"WebPage\",\"@id\":\"https:\\\/\\\/lingdalo.com\\\/declaracion-de-accesibilidad\\\/\",\"url\":\"https:\\\/\\\/lingdalo.com\\\/declaracion-de-accesibilidad\\\/\",\"name\":\"Declaraci\u00f3n de accesibilidad - Lingdalo\",\"isPartOf\":{\"@id\":\"https:\\\/\\\/lingdalo.com\\\/#website\"},\"datePublished\":\"2025-10-20T06:52:33+00:00\",\"dateModified\":\"2025-12-08T12:06:26+00:00\",\"breadcrumb\":{\"@id\":\"https:\\\/\\\/lingdalo.com\\\/declaracion-de-accesibilidad\\\/#breadcrumb\"},\"inLanguage\":\"en-GB\",\"potentialAction\":[{\"@type\":\"ReadAction\",\"target\":[\"https:\\\/\\\/lingdalo.com\\\/declaracion-de-accesibilidad\\\/\"]}]},{\"@type\":\"BreadcrumbList\",\"@id\":\"https:\\\/\\\/lingdalo.com\\\/declaracion-de-accesibilidad\\\/#breadcrumb\",\"itemListElement\":[{\"@type\":\"ListItem\",\"position\":1,\"name\":\"Inicio\",\"item\":\"https:\\\/\\\/lingdalo.com\\\/\"},{\"@type\":\"ListItem\",\"position\":2,\"name\":\"Declaraci\u00f3n de accesibilidad\"}]},{\"@type\":\"WebSite\",\"@id\":\"https:\\\/\\\/lingdalo.com\\\/#website\",\"url\":\"https:\\\/\\\/lingdalo.com\\\/\",\"name\":\"Lingdalo\",\"description\":\"Academic translations English-Spanish\",\"publisher\":{\"@id\":\"https:\\\/\\\/lingdalo.com\\\/#organization\"},\"potentialAction\":[{\"@type\":\"SearchAction\",\"target\":{\"@type\":\"EntryPoint\",\"urlTemplate\":\"https:\\\/\\\/lingdalo.com\\\/?s={search_term_string}\"},\"query-input\":{\"@type\":\"PropertyValueSpecification\",\"valueRequired\":true,\"valueName\":\"search_term_string\"}}],\"inLanguage\":\"en-GB\"},{\"@type\":\"Organization\",\"@id\":\"https:\\\/\\\/lingdalo.com\\\/#organization\",\"name\":\"Lingdalo\",\"url\":\"https:\\\/\\\/lingdalo.com\\\/\",\"logo\":{\"@type\":\"ImageObject\",\"inLanguage\":\"en-GB\",\"@id\":\"https:\\\/\\\/lingdalo.com\\\/#\\\/schema\\\/logo\\\/image\\\/\",\"url\":\"https:\\\/\\\/lingdalo.com\\\/wp-content\\\/uploads\\\/2025\\\/10\\\/Lingdalo-logotipo-blanco.png\",\"contentUrl\":\"https:\\\/\\\/lingdalo.com\\\/wp-content\\\/uploads\\\/2025\\\/10\\\/Lingdalo-logotipo-blanco.png\",\"width\":1000,\"height\":272,\"caption\":\"Lingdalo\"},\"image\":{\"@id\":\"https:\\\/\\\/lingdalo.com\\\/#\\\/schema\\\/logo\\\/image\\\/\"}}]}<\/script>\n<!-- \/ Yoast SEO plugin. -->","yoast_head_json":{"title":"Accessibility Statement - Lingdalo","robots":{"index":"noindex","follow":"follow"},"og_locale":"en_GB","og_type":"article","og_title":"Declaraci\u00f3n de accesibilidad - Lingdalo","og_description":"Declaraci\u00f3n de accesibilidad Nuestro sitio web lingdalo.com, ha sido dise\u00f1ado y desarrollado con el objetivo de ser accesible para todos los usuarios, independientemente de sus habilidades o discapacidades. Hemos seguido las normas y est\u00e1ndares de accesibilidad establecidos por el Web Content Accessibility Guidelines (WCAG) 2.1 para garantizar que nuestro sitio sea f\u00e1cil de usar para [&hellip;]","og_url":"https:\/\/lingdalo.com\/en\/accessibility-statement\/","og_site_name":"Lingdalo","article_modified_time":"2025-12-08T12:06:26+00:00","twitter_card":"summary_large_image","twitter_misc":{"Estimated reading time":"1 minute"},"schema":{"@context":"https:\/\/schema.org","@graph":[{"@type":"WebPage","@id":"https:\/\/lingdalo.com\/declaracion-de-accesibilidad\/","url":"https:\/\/lingdalo.com\/declaracion-de-accesibilidad\/","name":"Accessibility Statement - Lingdalo","isPartOf":{"@id":"https:\/\/lingdalo.com\/#website"},"datePublished":"2025-10-20T06:52:33+00:00","dateModified":"2025-12-08T12:06:26+00:00","breadcrumb":{"@id":"https:\/\/lingdalo.com\/declaracion-de-accesibilidad\/#breadcrumb"},"inLanguage":"en-GB","potentialAction":[{"@type":"ReadAction","target":["https:\/\/lingdalo.com\/declaracion-de-accesibilidad\/"]}]},{"@type":"BreadcrumbList","@id":"https:\/\/lingdalo.com\/declaracion-de-accesibilidad\/#breadcrumb","itemListElement":[{"@type":"ListItem","position":1,"name":"Inicio","item":"https:\/\/lingdalo.com\/"},{"@type":"ListItem","position":2,"name":"Declaraci\u00f3n de accesibilidad"}]},{"@type":"WebSite","@id":"https:\/\/lingdalo.com\/#website","url":"https:\/\/lingdalo.com\/","name":"Lingdalo","description":"Academic translations English-Spanish","publisher":{"@id":"https:\/\/lingdalo.com\/#organization"},"potentialAction":[{"@type":"SearchAction","target":{"@type":"EntryPoint","urlTemplate":"https:\/\/lingdalo.com\/?s={search_term_string}"},"query-input":{"@type":"PropertyValueSpecification","valueRequired":true,"valueName":"search_term_string"}}],"inLanguage":"en-GB"},{"@type":"Organization","@id":"https:\/\/lingdalo.com\/#organization","name":"Lingdalo","url":"https:\/\/lingdalo.com\/","logo":{"@type":"ImageObject","inLanguage":"en-GB","@id":"https:\/\/lingdalo.com\/#\/schema\/logo\/image\/","url":"https:\/\/lingdalo.com\/wp-content\/uploads\/2025\/10\/Lingdalo-logotipo-blanco.png","contentUrl":"https:\/\/lingdalo.com\/wp-content\/uploads\/2025\/10\/Lingdalo-logotipo-blanco.png","width":1000,"height":272,"caption":"Lingdalo"},"image":{"@id":"https:\/\/lingdalo.com\/#\/schema\/logo\/image\/"}}]}},"_links":{"self":[{"href":"https:\/\/lingdalo.com\/en\/wp-json\/wp\/v2\/pages\/2200","targetHints":{"allow":["GET"]}}],"collection":[{"href":"https:\/\/lingdalo.com\/en\/wp-json\/wp\/v2\/pages"}],"about":[{"href":"https:\/\/lingdalo.com\/en\/wp-json\/wp\/v2\/types\/page"}],"author":[{"embeddable":true,"href":"https:\/\/lingdalo.com\/en\/wp-json\/wp\/v2\/users\/2"}],"replies":[{"embeddable":true,"href":"https:\/\/lingdalo.com\/en\/wp-json\/wp\/v2\/comments?post=2200"}],"version-history":[{"count":22,"href":"https:\/\/lingdalo.com\/en\/wp-json\/wp\/v2\/pages\/2200\/revisions"}],"predecessor-version":[{"id":2393,"href":"https:\/\/lingdalo.com\/en\/wp-json\/wp\/v2\/pages\/2200\/revisions\/2393"}],"wp:attachment":[{"href":"https:\/\/lingdalo.com\/en\/wp-json\/wp\/v2\/media?parent=2200"}],"curies":[{"name":"wp","href":"https:\/\/api.w.org\/{rel}","templated":true}]}}